{"id":310,"date":"2020-10-29T12:34:51","date_gmt":"2020-10-29T11:34:51","guid":{"rendered":"https:\/\/endo-mayer.de\/web-neuokt2020-wpenfold\/?page_id=310"},"modified":"2022-10-10T16:43:25","modified_gmt":"2022-10-10T14:43:25","slug":"legal-notice","status":"publish","type":"page","link":"https:\/\/endo-mayer.de\/en\/legal-notice\/","title":{"rendered":"Legal Notice"},"content":{"rendered":"<div id='av_section_1'  class='avia-section av-1drg7-99264eb35dbbcfea84dcac32b218ca87 main_color avia-section-large avia-no-border-styling  avia-builder-el-0  avia-builder-el-no-sibling  avia-bg-style-scroll container_wrap sidebar_right'  ><div class='container av-section-cont-open' ><main  role=\"main\" itemprop=\"mainContentOfPage\"  class='template-page content  av-content-small alpha units'><div class='post-entry post-entry-type-page post-entry-310'><div class='entry-content-wrapper clearfix'>\n\n<style type=\"text\/css\" data-created_by=\"avia_inline_auto\" id=\"style-css-av-wt17-1da6bb1bbe85f16c928a43858870acbb\">\n.flex_column.av-wt17-1da6bb1bbe85f16c928a43858870acbb{\nborder-radius:0px 0px 0px 0px;\npadding:0px 0px 0px 0px;\n}\n<\/style>\n<div  class='flex_column av-wt17-1da6bb1bbe85f16c928a43858870acbb av_one_full  avia-builder-el-1  avia-builder-el-no-sibling  first flex_column_div av-zero-column-padding  '     ><p>\n<style type=\"text\/css\" data-created_by=\"avia_inline_auto\" id=\"style-css-av-av_heading-e52b1bab6a67102e21fc3a6d9418316f\">\n#top .av-special-heading.av-av_heading-e52b1bab6a67102e21fc3a6d9418316f{\npadding-bottom:10px;\n}\nbody .av-special-heading.av-av_heading-e52b1bab6a67102e21fc3a6d9418316f .av-special-heading-tag .heading-char{\nfont-size:25px;\n}\n.av-special-heading.av-av_heading-e52b1bab6a67102e21fc3a6d9418316f .av-subheading{\nfont-size:15px;\n}\n<\/style>\n<div  class='av-special-heading av-av_heading-e52b1bab6a67102e21fc3a6d9418316f av-special-heading-h1 blockquote modern-quote  avia-builder-el-2  el_before_av_textblock  avia-builder-el-first '><h1 class='av-special-heading-tag '  itemprop=\"headline\"  >Legal Notice<\/h1><div class=\"special-heading-border\"><div class=\"special-heading-inner-border\"><\/div><\/div><\/div><br \/>\n<section  class='av_textblock_section av-kg25v9w4-7d195c14c04e74fe2dc5a927436296f7 '   itemscope=\"itemscope\" itemtype=\"https:\/\/schema.org\/CreativeWork\" ><div class='avia_textblock'  itemprop=\"text\" ><h2>Information pursuant to Sect. 5 German Telemedia Act (TMG)<\/h2>\n<p>Dr. Thomas Mayer<br \/>\nZahnarzt<br \/>\nPrivatpraxis f\u00fcr Endodontie<br \/>\nAugustenstr.79<br \/>\n80333 M\u00fcnchen<\/p>\n<h2>Contact<\/h2>\n<p>Phone: +49-89-954481888<br \/>\nTelefax: +49-89-954481877<br \/>\nE-mail: empfang@endo-mayer.de<\/p>\n<h2>Job title and professional regulations<\/h2>\n<p>Job title: Zahnarzt<br \/>\nCompetent chamber: Bayerische Landeszahn\u00e4rztekammer &#8211; Fl\u00f6\u00dfergasse 1 &#8211; 81369 M\u00fcnchen<br \/>\nAuthorisation granted in: Deutschland<br \/>\nThe following professional regulations apply: Berufsordnung f\u00fcr die bayerischen Zahn\u00e4rzte, Zahnheilkundegesetz, Heilberufe-Kammergesetz, Geb\u00fchrenordnung f\u00fcr Zahn\u00e4rzte<br \/>\nRegulations available at: <a href=\"https:\/\/www.blzk.de\" target=\"_blank\" rel=\"noopener noreferrer\">https:\/\/www.blzk.de<\/a><\/p>\n<h2>Information regarding professional liability insurance<\/h2>\n<p><strong>Name and registered office of the insurer:<\/strong><br \/>\nAlte Leipziger Vers. AG<br \/>\n61435 Oberursel<\/p>\n<p><strong>Scope of insurance:<\/strong><br \/>\nDeutschland<\/p>\n<h2>Person responsible for editorial<\/h2>\n<p>Dr. Thomas Mayer &#8211; Zahnarzt<br \/>\nPrivatpraxis f\u00fcr Endodontie<br \/>\nAugustenstr.79<br \/>\n80333 M\u00fcnchen<\/p>\n<h2>EU dispute resolution<\/h2>\n<p>The European Commission provides a platform for online dispute resolution (ODR): <a href=\"https:\/\/ec.europa.eu\/consumers\/odr\" target=\"_blank\" rel=\"noopener noreferrer\">https:\/\/ec.europa.eu\/consumers\/odr<\/a>.<br \/>\nOur e-mail address can be found above in the site notice.<\/p>\n<h2>Dispute resolution proceedings in front of a consumer arbitration board<\/h2>\n<p>We are not willing or obliged to participate in dispute resolution proceedings in front of a consumer arbitration board.<\/p>\n<h3>Photo Material<\/h3>\n<p>\u00a9 Kay Blaschke, Endodontie Dr. Mayer<\/p>\n<h3>Site by<\/h3>\n<p><a href=\"https:\/\/www.richter-kiehn.de\/\" target=\"_blank\" rel=\"noopener noreferrer\">Richter &amp; Kiehn GmbH &#8211; WordPress Agentur M\u00fcnchen<\/a><\/p>\n<\/div><\/section><\/p><\/div><\/div><\/div><\/main><!-- close content main element --><\/div><\/div><div id='after_section_1'  class='main_color av_default_container_wrap container_wrap sidebar_right'  ><div class='container av-section-cont-open' ><div class='template-page content  av-content-small alpha units'><div class='post-entry post-entry-type-page post-entry-310'><div class='entry-content-wrapper clearfix'>\n","protected":false},"excerpt":{"rendered":"","protected":false},"author":1,"featured_media":0,"parent":0,"menu_order":1100,"comment_status":"closed","ping_status":"closed","template":"","meta":{"inline_featured_image":false,"footnotes":""},"class_list":["post-310","page","type-page","status-publish","hentry"],"_links":{"self":[{"href":"https:\/\/endo-mayer.de\/en\/wp-json\/wp\/v2\/pages\/310","targetHints":{"allow":["GET"]}}],"collection":[{"href":"https:\/\/endo-mayer.de\/en\/wp-json\/wp\/v2\/pages"}],"about":[{"href":"https:\/\/endo-mayer.de\/en\/wp-json\/wp\/v2\/types\/page"}],"author":[{"embeddable":true,"href":"https:\/\/endo-mayer.de\/en\/wp-json\/wp\/v2\/users\/1"}],"replies":[{"embeddable":true,"href":"https:\/\/endo-mayer.de\/en\/wp-json\/wp\/v2\/comments?post=310"}],"version-history":[{"count":6,"href":"https:\/\/endo-mayer.de\/en\/wp-json\/wp\/v2\/pages\/310\/revisions"}],"predecessor-version":[{"id":483,"href":"https:\/\/endo-mayer.de\/en\/wp-json\/wp\/v2\/pages\/310\/revisions\/483"}],"wp:attachment":[{"href":"https:\/\/endo-mayer.de\/en\/wp-json\/wp\/v2\/media?parent=310"}],"curies":[{"name":"wp","href":"https:\/\/api.w.org\/{rel}","templated":true}]}}